{"id":101,"date":"2024-03-28T06:20:48","date_gmt":"2024-03-28T06:20:48","guid":{"rendered":"https:\/\/www.schmale-hattingen.de\/?page_id=101"},"modified":"2024-03-28T07:31:30","modified_gmt":"2024-03-28T07:31:30","slug":"geruestbau","status":"publish","type":"page","link":"https:\/\/www.schmale-hattingen.de\/?page_id=101","title":{"rendered":"Ger\u00fcstbau"},"content":{"rendered":"<p>SIE WOLLEN HOCH HINAUS? WIR HABEN DAS PASSENDE GER\u00dcST DAF\u00dcR!<\/p>\n<p>Ger\u00fcstbaumeister &#038; Gesch\u00e4ftsf\u00fchrer Kevin Herminghaus &#038; sein Team sind Ihr zuverl\u00e4ssiger Partner rund um die Ger\u00fcststellung! <\/p>\n<p>Sie suchen ein kompetentes Ger\u00fcstbauunternehmen im Raum Hattingen und Umgebung? Dann sind Sie hier genau richtig! Wir werden auch Sie mit unserer Professionalit\u00e4t und Erfahrung \u00fcberzeugen!<\/p>\n<p>FASSADENGER\u00dcSTE<br \/>\n&#8211; Fassadenger\u00fcste in bester Qualit\u00e4t \u2013 unsere Ger\u00fcste kommen von dem namhaften Hersteller Layher.<\/p>\n<p>&#8211; Layher-Ger\u00fcstsysteme \u00fcberzeugen mit hochwertigster Qualit\u00e4t <\/p>\n<p>&#8211; Fassadenger\u00fcste werden h\u00e4ufig f\u00fcr Anstriche, Modernisierungen \/ Restaurierungen genutzt.<\/p>\n<p>SCHUTZGER\u00dcSTE<br \/>\n&#8211; Schutzger\u00fcste k\u00f6nnen Personen, Anlagen, Bauteile etc. sch\u00fctzen<\/p>\n<p>&#8211; Fang- oder Dachfangger\u00fcste f\u00fcr Gewerke, die auf D\u00e4chern arbeiten<\/p>\n<p>&#8211; Schutzdachsysteme, die vor herabfallenden Gegenst\u00e4nden bewahren<\/p>\n<p>RAUMGER\u00dcSTE<br \/>\n&#8211; Innenraumger\u00fcste k\u00f6nnen in Industriehallen aller Art, bei historischen Geb\u00e4uden wie Kirchen oder in<br \/>\n  anderen Objekten genutzt werden.<\/p>\n<p>&#8211; Projektarten sind unter anderem Renovierungen \/ Restaurierungen \/ Sanierungen \/ Wartungen bei Neubauten,<br \/>\n  Umbauma\u00dfnahmen oder Modernisierungen.<\/p>\n<p>Wir sind Ihre zuverl\u00e4ssigen Profis f\u00fcr den Ger\u00fcstbau und betreuen industrielle, gewerbliche und private Projekte jeder Gr\u00f6\u00dfenordnung. <\/p>\n<p>Gerne werden wir Ihr Ansprechpartner und erstellen Ihnen ein ma\u00dfgeschneidertes Angebot! <\/p>\n<p>Mail: info@schmale-hattingen.de<br \/>\nTelefon: 02324\/33005<\/p>\n","protected":false},"excerpt":{"rendered":"<p>SIE WOLLEN HOCH HINAUS? WIR HABEN DAS PASSENDE GER\u00dcST DAF\u00dcR! Ger\u00fcstbaumeister &#038; Gesch\u00e4ftsf\u00fchrer Kevin Herminghaus &#038; sein Team sind Ihr zuverl\u00e4ssiger Partner rund um die Ger\u00fcststellung! Sie suchen ein kompetentes Ger\u00fcstbauunternehmen im Raum Hattingen und Umgebung? Dann sind Sie hier genau richtig! Wir werden auch Sie mit unserer Professionalit\u00e4t und Erfahrung \u00fcberzeugen! FASSADENGER\u00dcSTE &#8211; Fassadenger\u00fcste &hellip; <\/p>\n<p class=\"link-more\"><a href=\"https:\/\/www.schmale-hattingen.de\/?page_id=101\" class=\"more-link\"><span class=\"screen-reader-text\">\u201eGer\u00fcstbau\u201c<\/span> weiterlesen<\/a><\/p>\n","protected":false},"author":2,"featured_media":0,"parent":0,"menu_order":0,"comment_status":"closed","ping_status":"closed","template":"","meta":{"footnotes":""},"class_list":["post-101","page","type-page","status-publish","hentry"],"_links":{"self":[{"href":"https:\/\/www.schmale-hattingen.de\/index.php?rest_route=\/wp\/v2\/pages\/101","targetHints":{"allow":["GET"]}}],"collection":[{"href":"https:\/\/www.schmale-hattingen.de\/index.php?rest_route=\/wp\/v2\/pages"}],"about":[{"href":"https:\/\/www.schmale-hattingen.de\/index.php?rest_route=\/wp\/v2\/types\/page"}],"author":[{"embeddable":true,"href":"https:\/\/www.schmale-hattingen.de\/index.php?rest_route=\/wp\/v2\/users\/2"}],"replies":[{"embeddable":true,"href":"https:\/\/www.schmale-hattingen.de\/index.php?rest_route=%2Fwp%2Fv2%2Fcomments&post=101"}],"version-history":[{"count":7,"href":"https:\/\/www.schmale-hattingen.de\/index.php?rest_route=\/wp\/v2\/pages\/101\/revisions"}],"predecessor-version":[{"id":139,"href":"https:\/\/www.schmale-hattingen.de\/index.php?rest_route=\/wp\/v2\/pages\/101\/revisions\/139"}],"wp:attachment":[{"href":"https:\/\/www.schmale-hattingen.de\/index.php?rest_route=%2Fwp%2Fv2%2Fmedia&parent=101"}],"curies":[{"name":"wp","href":"https:\/\/api.w.org\/{rel}","templated":true}]}}