{"id":130,"date":"2024-03-28T07:22:38","date_gmt":"2024-03-28T07:22:38","guid":{"rendered":"https:\/\/www.schmale-hattingen.de\/?page_id=130"},"modified":"2024-03-28T07:26:52","modified_gmt":"2024-03-28T07:26:52","slug":"partner","status":"publish","type":"page","link":"https:\/\/www.schmale-hattingen.de\/?page_id=130","title":{"rendered":"Partner"},"content":{"rendered":"<p>Elektriker \/ Kaminbau \/ Klima &#038; L\u00fcftung<br \/>\nPeter Seyock &#8211; www.seyock.de<\/p>\n<p>Elektriker<br \/>\nMaximilian R\u00f6ll &#8211; www.elektro-roell.de<\/p>\n<p>Ger\u00fcstbau<br \/>\nLAYHER Ger\u00fcst System &#8211; www.layher.com<\/p>\n","protected":false},"excerpt":{"rendered":"<p>Elektriker \/ Kaminbau \/ Klima &#038; L\u00fcftung Peter Seyock &#8211; www.seyock.de Elektriker Maximilian R\u00f6ll &#8211; www.elektro-roell.de Ger\u00fcstbau LAYHER Ger\u00fcst System &#8211; www.layher.com<\/p>\n","protected":false},"author":2,"featured_media":0,"parent":0,"menu_order":0,"comment_status":"closed","ping_status":"closed","template":"","meta":{"footnotes":""},"class_list":["post-130","page","type-page","status-publish","hentry"],"_links":{"self":[{"href":"https:\/\/www.schmale-hattingen.de\/index.php?rest_route=\/wp\/v2\/pages\/130","targetHints":{"allow":["GET"]}}],"collection":[{"href":"https:\/\/www.schmale-hattingen.de\/index.php?rest_route=\/wp\/v2\/pages"}],"about":[{"href":"https:\/\/www.schmale-hattingen.de\/index.php?rest_route=\/wp\/v2\/types\/page"}],"author":[{"embeddable":true,"href":"https:\/\/www.schmale-hattingen.de\/index.php?rest_route=\/wp\/v2\/users\/2"}],"replies":[{"embeddable":true,"href":"https:\/\/www.schmale-hattingen.de\/index.php?rest_route=%2Fwp%2Fv2%2Fcomments&post=130"}],"version-history":[{"count":3,"href":"https:\/\/www.schmale-hattingen.de\/index.php?rest_route=\/wp\/v2\/pages\/130\/revisions"}],"predecessor-version":[{"id":135,"href":"https:\/\/www.schmale-hattingen.de\/index.php?rest_route=\/wp\/v2\/pages\/130\/revisions\/135"}],"wp:attachment":[{"href":"https:\/\/www.schmale-hattingen.de\/index.php?rest_route=%2Fwp%2Fv2%2Fmedia&parent=130"}],"curies":[{"name":"wp","href":"https:\/\/api.w.org\/{rel}","templated":true}]}}